{"id":152,"date":"2009-02-23T20:42:10","date_gmt":"2009-02-23T18:42:10","guid":{"rendered":"http:\/\/www.scheidecker.com\/tierfotografie?page_id=152"},"modified":"2011-10-22T19:44:20","modified_gmt":"2011-10-22T17:44:20","slug":"copyright-urheberrecht","status":"publish","type":"page","link":"https:\/\/scheidecker.com\/tierfotografie\/informationen\/copyright-urheberrecht\/","title":{"rendered":"Copyright"},"content":{"rendered":"<p>\u00a9 Marco Scheidecker \u2013 www.Scheidecker.com<br \/>\nDie Inhalte von www.scheidecker.com sind urheberrechtlich gesch\u00fctzt. Ohne ausdr\u00fcckliche vorherige schriftliche Genehmigung von Marco Scheidecker bzw. dem Urheber der jeweiligen Inhalte ist es nicht gestattet diese Webseite oder Teile daraus zu reproduzieren, nachzudrucken, auf fototechnischem Wege zu vervielf\u00e4ltigen oder auf elektronische Speichermedien zu verarbeiten oder zu verbreiten. Personen, die Inhalte dieser Webseite ohne Genehmigung des Urhebers anderweitig ver\u00f6ffentlichen, werden kostenpflichtig abgemahnt und angezeigt. Sollten Sie Interesse an Bildmaterial f\u00fcr Werbezwecke oder sonstige Pr\u00e4sentationen haben, setzen Sie sich bitte mit mir in Verbindung.<\/p>\n","protected":false},"excerpt":{"rendered":"<p>\u00a9 Marco Scheidecker \u2013 www.Scheidecker.com Die Inhalte von www.scheidecker.com sind urheberrechtlich gesch\u00fctzt. Ohne ausdr\u00fcckliche vorherige schriftliche Genehmigung von Marco Scheidecker bzw. dem Urheber der jeweiligen Inhalte ist es nicht gestattet diese Webseite oder Teile daraus zu reproduzieren, nachzudrucken, auf fototechnischem Wege zu vervielf\u00e4ltigen oder auf elektronische Speichermedien zu verarbeiten oder zu verbreiten. Personen, die Inhalte [&hellip;]<\/p>\n","protected":false},"author":2,"featured_media":0,"parent":707,"menu_order":0,"comment_status":"closed","ping_status":"closed","template":"","meta":{"_et_pb_use_builder":"","_et_pb_old_content":"","_et_gb_content_width":"","ngg_post_thumbnail":0,"footnotes":""},"class_list":["post-152","page","type-page","status-publish","hentry"],"_links":{"self":[{"href":"https:\/\/scheidecker.com\/tierfotografie\/wp-json\/wp\/v2\/pages\/152","targetHints":{"allow":["GET"]}}],"collection":[{"href":"https:\/\/scheidecker.com\/tierfotografie\/wp-json\/wp\/v2\/pages"}],"about":[{"href":"https:\/\/scheidecker.com\/tierfotografie\/wp-json\/wp\/v2\/types\/page"}],"author":[{"embeddable":true,"href":"https:\/\/scheidecker.com\/tierfotografie\/wp-json\/wp\/v2\/users\/2"}],"replies":[{"embeddable":true,"href":"https:\/\/scheidecker.com\/tierfotografie\/wp-json\/wp\/v2\/comments?post=152"}],"version-history":[{"count":0,"href":"https:\/\/scheidecker.com\/tierfotografie\/wp-json\/wp\/v2\/pages\/152\/revisions"}],"up":[{"embeddable":true,"href":"https:\/\/scheidecker.com\/tierfotografie\/wp-json\/wp\/v2\/pages\/707"}],"wp:attachment":[{"href":"https:\/\/scheidecker.com\/tierfotografie\/wp-json\/wp\/v2\/media?parent=152"}],"curies":[{"name":"wp","href":"https:\/\/api.w.org\/{rel}","templated":true}]}}