{"id":351,"date":"2009-05-10T17:44:01","date_gmt":"2009-05-10T15:44:01","guid":{"rendered":"http:\/\/www.scheidecker.com\/tierfotografie?page_id=351"},"modified":"2025-03-16T20:03:07","modified_gmt":"2025-03-16T19:03:07","slug":"free-pictures","status":"publish","type":"page","link":"https:\/\/scheidecker.com\/tierfotografie\/informationen\/free-pictures\/","title":{"rendered":"Free Pictures"},"content":{"rendered":"<p><span style=\"color: #cc0000;\"><strong><span style=\"font-size: small;\"><span style=\"color: #ff0000;\">Guten Tag,<\/span><br \/>\n<\/span><\/strong><\/span><span style=\"font-size: small;\">hier k\u00f6nnen Bilder f\u00fcr Virtuelle Reiterh\u00f6fe<\/span>&nbsp;<span style=\"font-size: small;\">oder \u00e4hnliche Spiele herunter geladen werden (Vorschaubild in einem neuen Tab oder Fenster \u00f6ffnen danach kann das Bild gespeichert werden),&nbsp;<\/span><span style=\"font-size: small;\">Bitte folgende Bedingungen &#038; Konditionen beachten und einhalten:<\/span><\/p>\n<ul>\n<li><span style=\"font-size: small;\"> Die Bilder werden ausschlie\u00dflich f\u00fcr den nicht kommerziellen Bereich verwendet, sprich nur f\u00fcr die private Homepage<\/span><\/li>\n<li><span style=\"font-size: small;\">Die Bilder d\u00fcrfen bearbeitet werden,dies muss aber dann am Bild vermerkt werden dass es hier um ein bearbeitetes Bild handelt und nicht um das Original z.B. designed by<\/span><\/li>\n<li><span style=\"font-size: small;\">Ein Bildnachweiss muss vorhanden sein, entweder ein Link zu meiner Seite oder einen Vermerk dazu&nbsp; www.scheidecker.com<\/span><\/li>\n<li><span style=\"font-size: small;\">NUR Bilder von unten d\u00fcrfen kopiert werden, alle anderen nicht<\/span><\/li>\n<li><span style=\"font-size: small;\">Die Bilder m\u00fcssen auf die eigene Webseite kopiert werden und nicht verlinkt<\/span><\/li>\n<li><span style=\"font-size: small;\">Sollte was unklar sein erst Fragen und sehen wir weiter, f\u00fcr Fragen stehe ich jederzeit gerne zur Verf\u00fcgung<\/span><\/li>\n<\/ul>\n<p><span style=\"font-size: small;\">&nbsp;<\/span><span style=\"font-size: small;\">Zum Schluss noch eines, ich stelle die Bilder kostenlos zur Verf\u00fcgung, w\u00fcrde mich aber freuen wenn Ihr eine Spende, in welcher Form auch immer ( Geld, Arbeitseins\u00e4tze etc.) Eurer Umgebung zu Gute kommen lassen w\u00fcrdet<br \/>\n<\/span>&#8212;&#8212;&#8212;&#8212;&#8212;&#8212;&#8212;&#8212;&#8212;&#8212;&#8212;&#8212;&#8212;&#8212;&#8212;&#8212;&#8212;&#8212;&#8212;&#8212;&#8212;&#8212;&#8212;&#8212;&#8212;&#8212;&#8212;&#8212;&#8212;&#8212;&#8212;&#8212;&#8212;&#8212;&#8212;&#8212;&#8212;&#8212;&#8212;&#8212;&#8212;&#8212;&#8212;&#8212;&#8212;&#8212;&#8212;&#8212;<\/p>\n<p><strong><span style=\"font-size: small;\"><span style=\"color: #ff0000;\">Hello together,<\/span><br \/>\n<\/span><\/strong><span style=\"font-size: small;\">here on this section you could download pictures for private purpose (virtual games etc.), just open the preview in a new Tab or Window, afterwards you could save it&nbsp;<\/span><span style=\"font-size: small;\">but before you have to read my terms &#038; conditions :<\/span><\/p>\n<ul>\n<li><span style=\"font-size: small;\">&nbsp;&nbsp;&nbsp; The pictures are only allowed to use for non-commercial purpose<\/span><\/li>\n<li><span style=\"font-size: small;\">&nbsp;&nbsp;&nbsp; The pictures are allowed to be modified, but you have to state that this is not the original pictures<\/span><\/li>\n<li><span style=\"font-size: small;\">&nbsp;&nbsp;&nbsp; Every picture must have my copyright on it<\/span><\/li>\n<li><span style=\"font-size: small;\">&nbsp;&nbsp;&nbsp; ONLY the pictures which you will find below are allowed to use, any other pictures on my side are not free to use<\/span><\/li>\n<li><span style=\"font-size: small;\">&nbsp;&nbsp;&nbsp; Please download the pictures on you own webspace.<\/span><\/li>\n<li><span style=\"font-size: small;\">&nbsp;&nbsp;&nbsp; Please don`t hesitate to contact me for further information<\/span><\/li>\n<\/ul>\n<p><span style=\"font-size: small;\">All the pictures are free to use, but I would be thus happy if you could donate for some animal help organization.<\/span><\/p>\n<p>&#8212;&#8212;&#8212;&#8212;&#8212;&#8212;&#8212;&#8212;&#8212;&#8212;&#8212;&#8212;&#8212;&#8212;&#8212;&#8212;&#8212;&#8212;&#8212;&#8212;&#8212;&#8212;&#8212;&#8212;&#8212;&#8212;&#8212;&#8212;&#8212;&#8212;&#8212;&#8212;&#8212;&#8212;&#8212;&#8212;&#8212;&#8212;&#8212;&#8212;&#8212;&#8212;&#8212;&#8212;&#8212;&#8212;&#8212;&#8212;<\/p>\n<p><span style=\"font-size: small;\">Auf folgenden Seiten ist es erlaubt die Bilder zu benutzen ohne nachzufragen,&nbsp;<\/span><span style=\"font-size: small;\">so lange die Regeln oben eingehalten werden:<br \/>\n<\/span><span style=\"font-size: small;\">on the following sites it&#8217;s allowed to use the pictures without asking, if you follow the rules above:<\/span><\/p>\n<p><span style=\"color: #ff0000;\">equilino.de | equino.be | hetpaardenspel.nl | howrse.de | konskysen.net | meinpferdchen.de | minstald.dk | minstall.no | mydreamstable.com | stallet.se | tallini.fi | the-whisper.bplaced.net | vsmrk.cz | wilder-reiter.de<br \/>\n<\/span><\/p>\nngg_shortcode_0_placeholder\n","protected":false},"excerpt":{"rendered":"<p>Guten Tag, hier k\u00f6nnen Bilder f\u00fcr Virtuelle Reiterh\u00f6fe&nbsp;oder \u00e4hnliche Spiele herunter geladen werden (Vorschaubild in einem neuen Tab oder Fenster \u00f6ffnen danach kann das Bild gespeichert werden),&nbsp;Bitte folgende Bedingungen &#038; Konditionen beachten und einhalten: Die Bilder werden ausschlie\u00dflich f\u00fcr den nicht kommerziellen Bereich verwendet, sprich nur f\u00fcr die private Homepage Die Bilder d\u00fcrfen bearbeitet werden,dies [&hellip;]<\/p>\n","protected":false},"author":2,"featured_media":0,"parent":707,"menu_order":0,"comment_status":"closed","ping_status":"open","template":"","meta":{"_et_pb_use_builder":"off","_et_pb_old_content":"","_et_gb_content_width":"1024","ngg_post_thumbnail":0,"footnotes":""},"class_list":["post-351","page","type-page","status-publish","hentry"],"_links":{"self":[{"href":"https:\/\/scheidecker.com\/tierfotografie\/wp-json\/wp\/v2\/pages\/351","targetHints":{"allow":["GET"]}}],"collection":[{"href":"https:\/\/scheidecker.com\/tierfotografie\/wp-json\/wp\/v2\/pages"}],"about":[{"href":"https:\/\/scheidecker.com\/tierfotografie\/wp-json\/wp\/v2\/types\/page"}],"author":[{"embeddable":true,"href":"https:\/\/scheidecker.com\/tierfotografie\/wp-json\/wp\/v2\/users\/2"}],"replies":[{"embeddable":true,"href":"https:\/\/scheidecker.com\/tierfotografie\/wp-json\/wp\/v2\/comments?post=351"}],"version-history":[{"count":1,"href":"https:\/\/scheidecker.com\/tierfotografie\/wp-json\/wp\/v2\/pages\/351\/revisions"}],"predecessor-version":[{"id":64272,"href":"https:\/\/scheidecker.com\/tierfotografie\/wp-json\/wp\/v2\/pages\/351\/revisions\/64272"}],"up":[{"embeddable":true,"href":"https:\/\/scheidecker.com\/tierfotografie\/wp-json\/wp\/v2\/pages\/707"}],"wp:attachment":[{"href":"https:\/\/scheidecker.com\/tierfotografie\/wp-json\/wp\/v2\/media?parent=351"}],"curies":[{"name":"wp","href":"https:\/\/api.w.org\/{rel}","templated":true}]}}